{"id":5772,"date":"2017-09-12T15:33:08","date_gmt":"2017-09-12T13:33:08","guid":{"rendered":"https:\/\/www.connectpartners.ch\/espace-candidats\/"},"modified":"2022-04-06T16:03:45","modified_gmt":"2022-04-06T14:03:45","slug":"candidates","status":"publish","type":"page","link":"https:\/\/www.connectpartners.ch\/en\/candidates\/","title":{"rendered":"Candidates"},"content":{"rendered":"<section class=\"fw-main-row  ls section_padding_top_0 section_padding_bottom_0 columns_padding_0 parallax table_section table_section_md\" style=\"background-image:url(https:\/\/www.connectpartners.ch\/wp-content\/uploads\/2019\/09\/12615.jpg)\">\n<h3 class=\"hidden\">624d9dc11106f<\/h3>\n<div class=\"container\">\n<div class=\"row\">\n<div class=\"col-xs-12 col-md-4 to_animate cs\" data-animation=\"fadeInLeft\">\n<div class=\"padding_40\">\n<div class=\"fw-divider-space \" style=\"margin-top: 45px\"><\/div>\n<div class=\"special-heading text-left\">\n<h4 class=\"section_header margin_0  \">\n\t<span class=\"black medium text-uppercase\"><br \/>\n\t\tCandidates\t<\/span><br \/>\n\t<\/h4>\n<\/div>\n<div class=\"fw-divider-space \" style=\"margin-top: 20px\"><\/div>\n<div class=\"special-heading text-left\">\n<p class=\" paragraph\">\n\t<span class=\" regular text-transform-none\"><br \/>\n\t\tWhen one door closes, another one opens onto new challenges !\t<\/span>\n\t<\/p>\n<\/div>\n<div class=\"fw-divider-space \" style=\"margin-top: 40px\"><\/div>\n<\/p><\/div>\n<\/div>\n<div class=\"col-xs-12 col-md-8\">\n<div class=\"fw-divider-space \" style=\"margin-top: 300px\"><\/div>\n<\/div><\/div>\n<\/p><\/div>\n<\/section>\n<section class=\"fw-main-row  ls section_padding_top_50 section_padding_bottom_50 columns_padding_15 parallax background_cover\" style=\"background-image:url(https:\/\/www.connectpartners.ch\/wp-content\/uploads\/2019\/09\/home-CP.png)\">\n<h3 class=\"hidden\">624d9dc111834<\/h3>\n<div class=\"container\">\n<div class=\"row\">\n<div class=\"col-xs-12 col-md-4 to_animate cs\" data-animation=\"fadeIn\">\n<div class=\"fw-divider-space \" style=\"margin-top: 20px\"><\/div>\n<div class=\"special-heading text-left\">\n<h3 class=\"section_header margin_0  \">\n\t<span class=\" medium text-uppercase\"><br \/>\n\t\tEspace candidats\t<\/span><br \/>\n\t<\/h3>\n<\/div>\n<div class=\"fw-divider-space \" style=\"margin-top: 50px\"><\/div>\n<div class=\"text-block\">\n<p><strong><span style=\"color: #ffffff\">Toute porte de sortie est une porte d\u2019entr\u00e9e sur un nouveau challenge !<\/span><\/strong><\/p>\n<\/div>\n<div class=\"fw-divider-space \" style=\"margin-top: 40px\"><\/div>\n<\/div>\n<div class=\"col-xs-12 col-md-8\">\n<div class=\"fw-divider-space \" style=\"margin-top: 300px\"><\/div>\n<\/div><\/div>\n<\/p><\/div>\n<\/section>\n<section class=\"fw-main-row  ls section_padding_top_50 section_padding_bottom_50 columns_padding_15 background_cover\" style=\"background-image:url(https:\/\/www.connectpartners.ch\/wp-content\/uploads\/2017\/06\/texture2.jpg)\">\n<h3 class=\"hidden\">624d9dc111ef4<\/h3>\n<div class=\"container\">\n<div class=\"row\">\n<div class=\"col-xs-12 col-md-2\">\n\t<\/div>\n<div class=\"col-xs-12 col-md-8\">\n\t<img decoding=\"async\" src=\"\/\/www.connectpartners.ch\/wp-content\/uploads\/2017\/06\/Home-slide2.png\" alt=\"\/\/www.connectpartners.ch\/wp-content\/uploads\/2017\/06\/Home-slide2.png\" \/><\/p>\n<div class=\"fw-divider-space \" style=\"margin-top: 30px\"><\/div>\n<div class=\"text-block\">\n<div class=\"page\" title=\"Page 3\">\n<div class=\"layoutArea\">\n<div class=\"column\">\n<p style=\"text-align: center\">Our involvement goes beyond simply presenting job opportunities.<br \/>We support you from start to finish. We make sure you are ready for<br \/>the interviews\u00a0with the clients and provide advice and guidance during<br \/>the integration periodwith your new employer.\u00a0<br \/><strong>Your success is our success. Our commitment: your trust!\u00a0<\/strong><\/p>\n<\/div>\n<\/div>\n<\/div>\n<\/div>\n<div class=\"fw-divider-space \" style=\"margin-top: 30px\"><\/div>\n<p><a href=\"https:\/\/www.connectpartners.ch\/en\/jobs\/\" target=\"_self\" class=\"theme_button inverse color1 wide_button\" rel=\"noopener\"><br \/>\n\tOUR JOB OPPORTUNITIES<\/a><\/div>\n<div class=\"col-xs-12 col-md-2\">\n\t<\/div>\n<\/p><\/div>\n<\/p><\/div>\n<\/section>\n<section class=\"fw-main-row  ls section_padding_top_65 section_padding_bottom_65 columns_padding_15 background_cover\" style=\"background-image:url(https:\/\/www.connectpartners.ch\/wp-content\/uploads\/2019\/09\/314.jpg)\" id=\"spontaneous_application\">\n<h3 class=\"hidden\"> Form<\/h3>\n<div class=\"container\">\n<div class=\"row\">\n<div class=\"col-xs-12 to_animate\" data-animation=\"pullDown\">\n<div class=\"special-heading text-center\">\n<h4 class=\"section_header margin_0  \">\n\t<span class=\" medium text-capitalize\"><br \/>\n\t\t Spontaneous application\t<\/span><br \/>\n\t<\/h4>\n<\/div>\n<div class=\"fw-divider-space \" style=\"margin-top: 30px\"><\/div>\n<div class=\"text-block\">\n<p style=\"text-align: center\">As a preferred partner, ConnectPartners enjoys the trust of its clients, both for future job openings and for confidential unpublished mandates.<br \/>For this reason, but also to fulfill your wish to remain attentive to potential professional opportunities in complete confidentiality, we invite you to send us your <strong>spontaneous application<\/strong>.<br \/>You can count on our network, our connections and our listening to represent you.\u00a0<\/p>\n<\/div>\n<div class=\"fw-divider-space \" style=\"margin-top: 3px\"><\/div>\n<\/div>\n<div class=\"col-xs-12 to_animate\" data-animation=\"pullUp\">\n<div class=\"text-block\">\n<div role=\"form\" class=\"wpcf7\" id=\"wpcf7-f5875-o1\" lang=\"en-US\" dir=\"ltr\">\n<div class=\"screen-reader-response\">\n<p role=\"status\">\n<ul><\/ul>\n<\/div>\n<div>\n<\/div>\n<div class=\"row\">\n<div class=\"col-xs-12 col-sm-6\">\n<p><span class=\"wpcf7-form-control-wrap your-name\"><\/span><\/p>\n<p><span class=\"wpcf7-form-control-wrap your-name\"><\/span><\/p>\n<p><span class=\"wpcf7-form-control-wrap phone-number\"><\/span><\/p>\n<p><span class=\"wpcf7-form-control-wrap your-email\"><\/span><\/p>\n<p class=\"uploadfieldtrick\">\n             <span class=\"wpcf7-form-control-wrap file-upload\"><\/span><span class=\"wpcf7-form-control-wrap uploadtextfield\"><\/span>\n    <\/div>\n<div class=\"col-xs-12 col-sm-6\">\n<p><span class=\"wpcf7-form-control-wrap your-message\"><textarea name=\"your-message\" cols=\"45\" rows=\"10\" class=\"wpcf7-form-control wpcf7-textarea form-control\"><\/textarea><\/span>\n    <\/p>\n<\/div>\n<div class=\"col-xs-12 text-center\">\n<\/div>\n<\/div>\n<p><label>&#916;<textarea name=\"_wpcf7_ak_hp_textarea\" cols=\"45\" rows=\"8\"><\/textarea><\/label><\/p>\n<div class=\"wpcf7-response-output\" aria-hidden=\"true\"><\/div>\n<\/div>\n<\/div>\n<\/div><\/div>\n<\/p><\/div>\n<\/section>\n<section class=\"fw-main-row  ls section_padding_top_50 section_padding_bottom_50 columns_padding_15\" id=\"testimonials\">\n<h3 class=\"hidden\"> Temoignages<\/h3>\n<div class=\"container\">\n<div class=\"row\">\n<div class=\"fw-divider-space  hidden-lg hidden-md hidden-sm\" style=\"margin-top: 50px\"><\/div>\n<div class=\"special-heading text-center\">\n<h4 class=\"section_header margin_0  \">\n\t<span class=\" medium text-capitalize\"><br \/>\n\t\tTestimonials\t<\/span><br \/>\n\t<\/h4>\n<\/div>\n<div class=\"fw-divider-space \" style=\"margin-top: 50px\"><\/div>\n<div class=\"col-xs-12 col-md-6 to_animate\" data-animation=\"fadeIn\">\n\t<img decoding=\"async\" src=\"\/\/www.connectpartners.ch\/wp-content\/uploads\/2019\/09\/108-1.jpg\" alt=\"\/\/www.connectpartners.ch\/wp-content\/uploads\/2019\/09\/108-1.jpg\" \/><\/div>\n<div class=\"col-xs-12 col-md-6\">\n<div class=\"bootstrap-accordion\">\n<div class=\"panel-group\" id=\"accordion-34aa797e8a1b279e5c90890b3f835974\">\n<div class=\"panel panel-default\">\n<div class=\"panel-heading\">\n<h4 class=\"panel-title\">\n\t\t\t\t\t\t<a class=\"\" href=\"#collapse-34aa797e8a1b279e5c90890b3f835974-0\" data-toggle=\"collapse\" data-parent=\"#accordion-34aa797e8a1b279e5c90890b3f835974\"><br \/>\n\t\t\t\t\t\t\t\t\t\t\t\t\t\tResponsable d\u2019\u00e9quipe, Gestion discr\u00e9tionnaire \u2013 Banque Priv\u00e9e\t\t\t\t\t\t<\/a><br \/>\n\t\t\t\t\t<\/h4>\n<\/p><\/div>\n<div id=\"collapse-34aa797e8a1b279e5c90890b3f835974-0\" class=\"panel-collapse collapse in\">\n<div class=\"panel-body\">\n\t\t\t\t\t\t\t\t\t\t\t\t\t\u00ab Pour moi, ConnectPartners a le petit plus qui fait toute la diff\u00e9rence. Ils savent \u00e9couter, identifier et comprendre les attentes et aspirations de leurs clients. L\u2019humain, l\u2019\u00e9motion a \u00e9t\u00e9 au c\u0153ur de nos discussions. Je n\u2019ai pas senti d\u2019approche \u00ab offre et demande \u00bb et cela m\u2019a plu. J\u2019ai rencontr\u00e9 Constantin Pereira-Martin en 2011. Il a rapidement per\u00e7u que j\u2019avais besoin d\u2019un nouveau d\u00e9fi et que j\u2019\u00e9tais en proie aussi \u00e0 certains doutes. Gr\u00e2ce \u00e0 ses contacts, nous avons identifi\u00e9 ensemble plusieurs projets passionnants. J\u2019ai rejoint une banque priv\u00e9e cette m\u00eame ann\u00e9e ; j\u2019y suis toujours 8 ans plus tard, responsable d\u2019\u00e9quipe au Private Banking.\u00bb\t\t\t\t\t\t\t\t\t\t\t<\/div>\n<\/p><\/div>\n<\/p><\/div>\n<div class=\"panel panel-default\">\n<div class=\"panel-heading\">\n<h4 class=\"panel-title\">\n\t\t\t\t\t\t<a class=\"collapsed\" href=\"#collapse-34aa797e8a1b279e5c90890b3f835974-1\" data-toggle=\"collapse\" data-parent=\"#accordion-34aa797e8a1b279e5c90890b3f835974\"><br \/>\n\t\t\t\t\t\t\t\t\t\t\t\t\t\tGroup Logistic Account Manager &#8211;  Banque Priv\u00e9e \t\t\t\t\t\t<\/a><br \/>\n\t\t\t\t\t<\/h4>\n<\/p><\/div>\n<div id=\"collapse-34aa797e8a1b279e5c90890b3f835974-1\" class=\"panel-collapse collapse \">\n<div class=\"panel-body\">\n\t\t\t\t\t\t\t\t\t\t\t\t\t\u00ab J\u2019ai \u00e9t\u00e9 \u00ab chass\u00e9 \u00bb par ConnectPartners pour un poste de cadre dans une grande institution financi\u00e8re de la place de Gen\u00e8ve. Apr\u00e8s un entretien et une discussion plus approfondie du poste, j\u2019ai travaill\u00e9 en \u00e9troite collaboration afin de monter un dossier de candidature de qualit\u00e9.<br \/>\nJ\u2019ai appr\u00e9ci\u00e9 leur professionnalisme, leurs connaissances approfondies dans le domaine de recrutement et de leur approche cibl\u00e9e et personnalis\u00e9e afin de r\u00e9pondre au mieux \u00e0 l\u2019attente des recruteurs. J\u2019ai finalement \u00e9t\u00e9 engag\u00e9 et je viens de commencer mon nouveau challenge \u2013 Merci \u00e0 ConnectPartners. \u00bb\n\t\t\t\t\t\t\t\t\t\t\t<\/div>\n<\/p><\/div>\n<\/p><\/div>\n<div class=\"panel panel-default\">\n<div class=\"panel-heading\">\n<h4 class=\"panel-title\">\n\t\t\t\t\t\t<a class=\"collapsed\" href=\"#collapse-34aa797e8a1b279e5c90890b3f835974-2\" data-toggle=\"collapse\" data-parent=\"#accordion-34aa797e8a1b279e5c90890b3f835974\"><br \/>\n\t\t\t\t\t\t\t\t\t\t\t\t\t\tHR Business Partner \u2013 Banque Priv\u00e9e\t\t\t\t\t\t<\/a><br \/>\n\t\t\t\t\t<\/h4>\n<\/p><\/div>\n<div id=\"collapse-34aa797e8a1b279e5c90890b3f835974-2\" class=\"panel-collapse collapse \">\n<div class=\"panel-body\">\n\t\t\t\t\t\t\t\t\t\t\t\t\t\u00ab My candidate experience with ConnectPartners was indeed a very positive one. The team are skilled recruiters with solid experience and an excellent track record. They demonstrate strong integrity and professionalism, both qualities that you hope to find when partnering up with someone to connect and represent you. ConnectPartners are passionate about what they do and they do it well!<br \/>\nMy selection interview with ConnectPartners was very thorough; I was impressed by the attention to detail and time provided for getting to know me. They know their clients just as well. As a consequence, they were able to provide me with the information I needed about the role and the company I was applying to. I was briefed and kept well informed throughout the interview process; on the people I was due to meet for my interviews, as well as with the interview feedback. In fact, they stayed in touch with me until several months after I had started my new job. I was able to see throughout the process that they genuinely care about the outcome for both the candidate and the client.<br \/>\nHaving had such a positive candidate experience with ConnectPartners, I did not hesitate to contact them when I needed to hire professionals in the financial services industry. As a client, I have had an equally positive outcome with ConnectPartners, both in terms of client experience and results.\u00bb\t\t\t\t\t\t\t\t\t\t\t<\/div>\n<\/p><\/div>\n<\/p><\/div>\n<div class=\"panel panel-default\">\n<div class=\"panel-heading\">\n<h4 class=\"panel-title\">\n\t\t\t\t\t\t<a class=\"collapsed\" href=\"#collapse-34aa797e8a1b279e5c90890b3f835974-3\" data-toggle=\"collapse\" data-parent=\"#accordion-34aa797e8a1b279e5c90890b3f835974\"><br \/>\n\t\t\t\t\t\t\t\t\t\t\t\t\t\tHR Business Partner \u2013 Asset Management\t\t\t\t\t\t<\/a><br \/>\n\t\t\t\t\t<\/h4>\n<\/p><\/div>\n<div id=\"collapse-34aa797e8a1b279e5c90890b3f835974-3\" class=\"panel-collapse collapse \">\n<div class=\"panel-body\">\n\t\t\t\t\t\t\t\t\t\t\t\t\t\u00ab I could only recommend ConnectPartners to everyone. It is an absolute pleasure to work with them let it be as a candidate or as a HR professional. They are extremely professional, caring and hard-working. As a candidate, it was my best experience with an agency. They take their work seriously and they are trustworthy professionals you can really rely on. \u00bb\t\t\t\t\t\t\t\t\t\t\t<\/div>\n<\/p><\/div>\n<\/p><\/div>\n<div class=\"panel panel-default\">\n<div class=\"panel-heading\">\n<h4 class=\"panel-title\">\n\t\t\t\t\t\t<a class=\"collapsed\" href=\"#collapse-34aa797e8a1b279e5c90890b3f835974-4\" data-toggle=\"collapse\" data-parent=\"#accordion-34aa797e8a1b279e5c90890b3f835974\"><br \/>\n\t\t\t\t\t\t\t\t\t\t\t\t\t\tEvent Manager \u2013 Family Office\t\t\t\t\t\t<\/a><br \/>\n\t\t\t\t\t<\/h4>\n<\/p><\/div>\n<div id=\"collapse-34aa797e8a1b279e5c90890b3f835974-4\" class=\"panel-collapse collapse \">\n<div class=\"panel-body\">\n\t\t\t\t\t\t\t\t\t\t\t\t\t\u00ab ConnectPartners c\u2019est avant tout un cabinet avec des clients de r\u00e9f\u00e9rence en Suisse et op\u00e9rant avec beaucoup de professionnalisme, discr\u00e9tion, rigueur et \u00e9coute.  Un v\u00e9ritable must de travailler avec eux. \u00bb\t\t\t\t\t\t\t\t\t\t\t<\/div>\n<\/p><\/div>\n<\/p><\/div>\n<div class=\"panel panel-default\">\n<div class=\"panel-heading\">\n<h4 class=\"panel-title\">\n\t\t\t\t\t\t<a class=\"collapsed\" href=\"#collapse-34aa797e8a1b279e5c90890b3f835974-5\" data-toggle=\"collapse\" data-parent=\"#accordion-34aa797e8a1b279e5c90890b3f835974\"><br \/>\n\t\t\t\t\t\t\t\t\t\t\t\t\t\tResponsable du contr\u00f4le financier Europe \u2013 Soci\u00e9t\u00e9 pharmaceutique\t\t\t\t\t\t<\/a><br \/>\n\t\t\t\t\t<\/h4>\n<\/p><\/div>\n<div id=\"collapse-34aa797e8a1b279e5c90890b3f835974-5\" class=\"panel-collapse collapse \">\n<div class=\"panel-body\">\n\t\t\t\t\t\t\t\t\t\t\t\t\t\u00ab To share my experience about ConnectPartners, I came across an open position on LinkedIn. Within a day of showing interest, they got in touch with me. We discussed about the opportunity and my experience, career trajectory and my ambitions. I was surprised with the clarity that they had on the opportunity, the role and the kind of responsibilities I would handle for the position. It helped me understand a new role that could leverage my capabilities, help me explore and enable learning which is the only key to grow. After the document and certificate submission I had a face-to-face meeting with them where they elaborated not only on the profile but the challenges I may face at that position, how it can be managed and my prospect as the future employee. I must say, I am impressed with ConnectPartners on their approach, clarity on the position, understanding of the candidate aspiration and matching the 2. I would like to thank them for this opportunity and giving me a chance not only to join a new team but also to make the best of my capabilities fostering my learning and growth.\u00bb\t\t\t\t\t\t\t\t\t\t\t<\/div>\n<\/p><\/div>\n<\/p><\/div>\n<div class=\"panel panel-default\">\n<div class=\"panel-heading\">\n<h4 class=\"panel-title\">\n\t\t\t\t\t\t<a class=\"collapsed\" href=\"#collapse-34aa797e8a1b279e5c90890b3f835974-6\" data-toggle=\"collapse\" data-parent=\"#accordion-34aa797e8a1b279e5c90890b3f835974\"><br \/>\n\t\t\t\t\t\t\t\t\t\t\t\t\t\tResponsable de d\u00e9partement RH \u2013 Banque Priv\u00e9e\t\t\t\t\t\t<\/a><br \/>\n\t\t\t\t\t<\/h4>\n<\/p><\/div>\n<div id=\"collapse-34aa797e8a1b279e5c90890b3f835974-6\" class=\"panel-collapse collapse \">\n<div class=\"panel-body\">\n\t\t\t\t\t\t\t\t\t\t\t\t\t\u00ab Je tenais par ces quelques lignes, \u00e0 remercier sinc\u00e8rement Constantin Pereira de ConnectPartners, pour son accueil, son \u00e9coute, la richesse des \u00e9changes, son professionnalisme et son d\u00e9vouement pour r\u00e9ussir les objectifs fix\u00e9s. J\u2019ai eu tout de suite une confiance totale envers lui et son agence, ce qui m\u2019a permis d\u2019aborder les entretiens avec une grande s\u00e9r\u00e9nit\u00e9. Un de ces objectifs est la qualit\u00e9 des employeurs et pas la quantit\u00e9, ce qui rassure le candidat. Gr\u00e2ce \u00e0 sa patience, son r\u00e9seau et sa grande exp\u00e9rience dans le recrutement, j\u2019ai r\u00e9ussi \u00e0 obtenir un poste tant d\u00e9sir\u00e9 aupr\u00e8s d\u2019une tr\u00e8s grande banque priv\u00e9e genevoise. Je ne peux que recommander l\u2019agence ConnectPartners pour vos futurs emplois. \u00bb\t\t\t\t\t\t\t\t\t\t\t<\/div>\n<\/p><\/div>\n<\/p><\/div>\n<\/p><\/div>\n<\/div>\n<\/div><\/div>\n<\/p><\/div>\n<\/section>\n<p><!-- e73d3fc1386fec1dc6d6fd540aaa59fe --><\/p>\n","protected":false},"excerpt":{"rendered":"<p>624d9dc11106f Candidates When one door closes, another one opens onto new challenges ! 624d9dc111834 Espace candidats Toute porte de sortie<\/p>\n","protected":false},"author":1,"featured_media":0,"parent":0,"menu_order":0,"comment_status":"closed","ping_status":"closed","template":"page-templates\/full-width.php","meta":{"footnotes":""},"class_list":["post-5772","page","type-page","status-publish","hentry"],"yoast_head":"<!-- This site is optimized with the Yoast SEO plugin v25.3.1 - https:\/\/yoast.com\/wordpress\/plugins\/seo\/ -->\n<title>Candidates | ConnectPartners - Conseil en ressources humaines<\/title>\n<meta name=\"description\" content=\"ConnectPartners vous accompagne tout au long de votre recherche d&#039;emploi, et vous porte en vous pr\u00e9parant au mieux aux entretiens, \u00e0 votre entr\u00e9e et \u00e0 votre int\u00e9gration dans la soci\u00e9t\u00e9.\" \/>\n<meta name=\"robots\" content=\"index, follow, max-snippet:-1, max-image-preview:large, max-video-preview:-1\" \/>\n<link rel=\"canonical\" href=\"https:\/\/www.connectpartners.ch\/en\/candidates\/\" \/>\n<meta property=\"og:locale\" content=\"en_US\" \/>\n<meta property=\"og:type\" content=\"article\" \/>\n<meta property=\"og:title\" content=\"Candidates | ConnectPartners - Conseil en ressources humaines\" \/>\n<meta property=\"og:description\" content=\"ConnectPartners vous accompagne tout au long de votre recherche d&#039;emploi, et vous porte en vous pr\u00e9parant au mieux aux entretiens, \u00e0 votre entr\u00e9e et \u00e0 votre int\u00e9gration dans la soci\u00e9t\u00e9.\" \/>\n<meta property=\"og:url\" content=\"https:\/\/www.connectpartners.ch\/en\/candidates\/\" \/>\n<meta property=\"og:site_name\" content=\"ConnectPartners\" \/>\n<meta property=\"article:modified_time\" content=\"2022-04-06T14:03:45+00:00\" \/>\n<meta property=\"og:image\" content=\"https:\/\/www.connectpartners.ch\/wp-content\/uploads\/2019\/11\/Illustration_Gen\u00e8ve_ConnectPartners_V2.jpg\" \/>\n\t<meta property=\"og:image:width\" content=\"927\" \/>\n\t<meta property=\"og:image:height\" content=\"709\" \/>\n\t<meta property=\"og:image:type\" content=\"image\/jpeg\" \/>\n<meta name=\"twitter:card\" content=\"summary_large_image\" \/>\n<meta name=\"twitter:label1\" content=\"Est. reading time\" \/>\n\t<meta name=\"twitter:data1\" content=\"5 minutes\" \/>\n<script type=\"application\/ld+json\" class=\"yoast-schema-graph\">{\"@context\":\"https:\/\/schema.org\",\"@graph\":[{\"@type\":\"WebPage\",\"@id\":\"https:\/\/www.connectpartners.ch\/en\/candidates\/\",\"url\":\"https:\/\/www.connectpartners.ch\/en\/candidates\/\",\"name\":\"Candidates | ConnectPartners - Conseil en ressources humaines\",\"isPartOf\":{\"@id\":\"https:\/\/www.connectpartners.ch\/en\/#website\"},\"datePublished\":\"2017-09-12T13:33:08+00:00\",\"dateModified\":\"2022-04-06T14:03:45+00:00\",\"description\":\"ConnectPartners vous accompagne tout au long de votre recherche d'emploi, et vous porte en vous pr\u00e9parant au mieux aux entretiens, \u00e0 votre entr\u00e9e et \u00e0 votre int\u00e9gration dans la soci\u00e9t\u00e9.\",\"breadcrumb\":{\"@id\":\"https:\/\/www.connectpartners.ch\/en\/candidates\/#breadcrumb\"},\"inLanguage\":\"en-US\",\"potentialAction\":[{\"@type\":\"ReadAction\",\"target\":[\"https:\/\/www.connectpartners.ch\/en\/candidates\/\"]}]},{\"@type\":\"BreadcrumbList\",\"@id\":\"https:\/\/www.connectpartners.ch\/en\/candidates\/#breadcrumb\",\"itemListElement\":[{\"@type\":\"ListItem\",\"position\":1,\"name\":\"Home\",\"item\":\"https:\/\/www.connectpartners.ch\/en\/\"},{\"@type\":\"ListItem\",\"position\":2,\"name\":\"Candidates\"}]},{\"@type\":\"WebSite\",\"@id\":\"https:\/\/www.connectpartners.ch\/en\/#website\",\"url\":\"https:\/\/www.connectpartners.ch\/en\/\",\"name\":\"ConnectPartners\",\"description\":\"\",\"publisher\":{\"@id\":\"https:\/\/www.connectpartners.ch\/en\/#organization\"},\"potentialAction\":[{\"@type\":\"SearchAction\",\"target\":{\"@type\":\"EntryPoint\",\"urlTemplate\":\"https:\/\/www.connectpartners.ch\/en\/?s={search_term_string}\"},\"query-input\":{\"@type\":\"PropertyValueSpecification\",\"valueRequired\":true,\"valueName\":\"search_term_string\"}}],\"inLanguage\":\"en-US\"},{\"@type\":\"Organization\",\"@id\":\"https:\/\/www.connectpartners.ch\/en\/#organization\",\"name\":\"ConnectPartners\",\"url\":\"https:\/\/www.connectpartners.ch\/en\/\",\"logo\":{\"@type\":\"ImageObject\",\"inLanguage\":\"en-US\",\"@id\":\"https:\/\/www.connectpartners.ch\/en\/#\/schema\/logo\/image\/\",\"url\":\"https:\/\/www.connectpartners.ch\/wp-content\/uploads\/2019\/08\/logo-CP.png\",\"contentUrl\":\"https:\/\/www.connectpartners.ch\/wp-content\/uploads\/2019\/08\/logo-CP.png\",\"width\":346,\"height\":315,\"caption\":\"ConnectPartners\"},\"image\":{\"@id\":\"https:\/\/www.connectpartners.ch\/en\/#\/schema\/logo\/image\/\"}}]}<\/script>\n<!-- \/ Yoast SEO plugin. -->","yoast_head_json":{"title":"Candidates | ConnectPartners - Conseil en ressources humaines","description":"ConnectPartners vous accompagne tout au long de votre recherche d'emploi, et vous porte en vous pr\u00e9parant au mieux aux entretiens, \u00e0 votre entr\u00e9e et \u00e0 votre int\u00e9gration dans la soci\u00e9t\u00e9.","robots":{"index":"index","follow":"follow","max-snippet":"max-snippet:-1","max-image-preview":"max-image-preview:large","max-video-preview":"max-video-preview:-1"},"canonical":"https:\/\/www.connectpartners.ch\/en\/candidates\/","og_locale":"en_US","og_type":"article","og_title":"Candidates | ConnectPartners - Conseil en ressources humaines","og_description":"ConnectPartners vous accompagne tout au long de votre recherche d'emploi, et vous porte en vous pr\u00e9parant au mieux aux entretiens, \u00e0 votre entr\u00e9e et \u00e0 votre int\u00e9gration dans la soci\u00e9t\u00e9.","og_url":"https:\/\/www.connectpartners.ch\/en\/candidates\/","og_site_name":"ConnectPartners","article_modified_time":"2022-04-06T14:03:45+00:00","og_image":[{"width":927,"height":709,"url":"https:\/\/www.connectpartners.ch\/wp-content\/uploads\/2019\/11\/Illustration_Gen\u00e8ve_ConnectPartners_V2.jpg","type":"image\/jpeg"}],"twitter_card":"summary_large_image","twitter_misc":{"Est. reading time":"5 minutes"},"schema":{"@context":"https:\/\/schema.org","@graph":[{"@type":"WebPage","@id":"https:\/\/www.connectpartners.ch\/en\/candidates\/","url":"https:\/\/www.connectpartners.ch\/en\/candidates\/","name":"Candidates | ConnectPartners - Conseil en ressources humaines","isPartOf":{"@id":"https:\/\/www.connectpartners.ch\/en\/#website"},"datePublished":"2017-09-12T13:33:08+00:00","dateModified":"2022-04-06T14:03:45+00:00","description":"ConnectPartners vous accompagne tout au long de votre recherche d'emploi, et vous porte en vous pr\u00e9parant au mieux aux entretiens, \u00e0 votre entr\u00e9e et \u00e0 votre int\u00e9gration dans la soci\u00e9t\u00e9.","breadcrumb":{"@id":"https:\/\/www.connectpartners.ch\/en\/candidates\/#breadcrumb"},"inLanguage":"en-US","potentialAction":[{"@type":"ReadAction","target":["https:\/\/www.connectpartners.ch\/en\/candidates\/"]}]},{"@type":"BreadcrumbList","@id":"https:\/\/www.connectpartners.ch\/en\/candidates\/#breadcrumb","itemListElement":[{"@type":"ListItem","position":1,"name":"Home","item":"https:\/\/www.connectpartners.ch\/en\/"},{"@type":"ListItem","position":2,"name":"Candidates"}]},{"@type":"WebSite","@id":"https:\/\/www.connectpartners.ch\/en\/#website","url":"https:\/\/www.connectpartners.ch\/en\/","name":"ConnectPartners","description":"","publisher":{"@id":"https:\/\/www.connectpartners.ch\/en\/#organization"},"potentialAction":[{"@type":"SearchAction","target":{"@type":"EntryPoint","urlTemplate":"https:\/\/www.connectpartners.ch\/en\/?s={search_term_string}"},"query-input":{"@type":"PropertyValueSpecification","valueRequired":true,"valueName":"search_term_string"}}],"inLanguage":"en-US"},{"@type":"Organization","@id":"https:\/\/www.connectpartners.ch\/en\/#organization","name":"ConnectPartners","url":"https:\/\/www.connectpartners.ch\/en\/","logo":{"@type":"ImageObject","inLanguage":"en-US","@id":"https:\/\/www.connectpartners.ch\/en\/#\/schema\/logo\/image\/","url":"https:\/\/www.connectpartners.ch\/wp-content\/uploads\/2019\/08\/logo-CP.png","contentUrl":"https:\/\/www.connectpartners.ch\/wp-content\/uploads\/2019\/08\/logo-CP.png","width":346,"height":315,"caption":"ConnectPartners"},"image":{"@id":"https:\/\/www.connectpartners.ch\/en\/#\/schema\/logo\/image\/"}}]}},"_links":{"self":[{"href":"https:\/\/www.connectpartners.ch\/en\/wp-json\/wp\/v2\/pages\/5772","targetHints":{"allow":["GET"]}}],"collection":[{"href":"https:\/\/www.connectpartners.ch\/en\/wp-json\/wp\/v2\/pages"}],"about":[{"href":"https:\/\/www.connectpartners.ch\/en\/wp-json\/wp\/v2\/types\/page"}],"author":[{"embeddable":true,"href":"https:\/\/www.connectpartners.ch\/en\/wp-json\/wp\/v2\/users\/1"}],"replies":[{"embeddable":true,"href":"https:\/\/www.connectpartners.ch\/en\/wp-json\/wp\/v2\/comments?post=5772"}],"version-history":[{"count":0,"href":"https:\/\/www.connectpartners.ch\/en\/wp-json\/wp\/v2\/pages\/5772\/revisions"}],"wp:attachment":[{"href":"https:\/\/www.connectpartners.ch\/en\/wp-json\/wp\/v2\/media?parent=5772"}],"curies":[{"name":"wp","href":"https:\/\/api.w.org\/{rel}","templated":true}]}}