{"id":5764,"date":"2017-06-05T14:49:50","date_gmt":"2017-06-05T12:49:50","guid":{"rendered":"https:\/\/www.connectpartners.ch\/home\/"},"modified":"2022-04-19T10:29:28","modified_gmt":"2022-04-19T08:29:28","slug":"home","status":"publish","type":"page","link":"https:\/\/www.connectpartners.ch\/en\/","title":{"rendered":"Home"},"content":{"rendered":"<p><section class=\"fw-main-row  ls section_padding_top_50 section_padding_bottom_0 columns_padding_15 table_section table_section_md\"  id=\"about\">\n\t<h3 class=\"hidden\"> About<\/h3>\n\t\t\t<div class=\"container\">\n\t\t<div class=\"row\">\n\t\t\t<div class=\"col-xs-12 col-md-6\"  >\n\t\n\t<div class=\"fw-divider-space \" style=\"margin-top: 20px;\"><\/div>\n<div class=\"special-heading text-left\">\n\t<h3 class=\"section_header margin_0  \">\n\t<span class=\" medium text-transform-none\">\n\t\tWelcome to\t<\/span>\n\t<\/h3>\n\t<h3 class=\"section_header margin_0  \">\n\t<span class=\"highlight medium text-transform-none\">\n\t\tConnectPartners\t<\/span>\n\t<\/h3>\n<\/div>\n\t<div class=\"fw-divider-line\"><hr\/><\/div>\n\n\n\t<div class=\"fw-divider-space \" style=\"margin-top: 40px;\"><\/div>\n<div class=\"text-block\">\n\t<p style=\"text-align: justify;\">Convinced that a company\u2019s success depends on recruiting the best person for the right job, our approach places the candidate at the heart of the hiring process.\u00a0A <strong>trusted partner<\/strong> to both clients and applicants, we present a limited number of well targeted candidates for each position in order to ensure the best possible match.<\/p><\/div>\n\n\t<div class=\"fw-divider-space \" style=\"margin-top: 60px;\"><\/div>\n<a href=\"https:\/\/www.connectpartners.ch\/en\/who-we-are\/\" target=\"_self\"\n   class=\"theme_button inverse color1 wide_button\">\n\tWho we are<\/a>\n\t<div class=\"fw-divider-space \" style=\"margin-top: 60px;\"><\/div>\n<\/div>\n<div class=\"col-xs-12 col-md-6 to_animate\"  data-animation=\"slideInRight\">\n\t<img decoding=\"async\" src=\"\/\/www.connectpartners.ch\/wp-content\/uploads\/2019\/11\/Illustration_Gen\u00e8ve_ConnectPartners_V2.jpg\" alt=\"\/\/www.connectpartners.ch\/wp-content\/uploads\/2019\/11\/Illustration_Gen\u00e8ve_ConnectPartners_V2.jpg\" \/>\n\t<div class=\"fw-divider-space \" style=\"margin-top: 50px;\"><\/div>\n<\/div>\n\t\t<\/div>\n\t<\/div>\n<\/section>\n<section class=\"fw-main-row  ls ms section_padding_top_150 section_padding_bottom_130 columns_padding_15 parallax\" style=\"background-image:url(https:\/\/www.connectpartners.ch\/wp-content\/uploads\/2017\/06\/texture2.jpg);\">\n\t<h3 class=\"hidden\"> Advantages<\/h3>\n\t\t\t<div class=\"container\">\n\t\t<div class=\"row\">\n\t\t\t<div class=\"col-xs-12 col-md-4 to_animate\"  data-animation=\"pullUp\">\n\t\t<div class=\"teaser icon_top text-center with_padding with_background ls with_shadow color_1\">\n\t\t\t\t<div class=\"teaser_icon size_big bg_color round teaser_gradient color_1\">\n\t\t\t<i class=\"fa fa-list-alt\"><\/i>\n\t\t<\/div>\n\t\t\t\t\t<h4>\n\t\t\t\t\t<a href=\"https:\/\/www.connectpartners.ch\/en\/employers\/#our_services\">\n\t\t\n\t\tOur services\n\t\t\t\t\t<\/a>\n\t\t\t\t<\/h4>\n\t\t\t\t\t<p>\n\t\t\tConnectPartners accompany its clients and partners throughout their organisational evolution, favouring a tailor-made approach. We provide support for permanent and temporary recruitment needs, for administrative HR processes as well as for payrolling.    \t\t<\/p>\n\t\t\t\t\t\t\t\t\t\t<a href=\"https:\/\/www.connectpartners.ch\/en\/employers\/#our_services\"\n\t\t\t\t   class=\"more color1\">Learn more<\/a>\n\t\t\t\t\t\t\t<\/div>\n\t\n\t<div class=\"fw-divider-space \" style=\"margin-top: 20px;\"><\/div>\n<\/div>\n<div class=\"col-xs-12 col-md-4 to_animate\"  data-animation=\"pullUp\">\n\t\t<div class=\"teaser icon_top text-center with_padding with_background ls with_shadow color_1\">\n\t\t\t\t<div class=\"teaser_icon size_big bg_color round teaser_gradient color_1\">\n\t\t\t<i class=\"fa fa-cogs\"><\/i>\n\t\t<\/div>\n\t\t\t\t\t<h4>\n\t\t\t\t\t<a href=\"https:\/\/www.connectpartners.ch\/en\/employers\/#our_expertise\">\n\t\t\n\t\tOur expertise\n\t\t\t\t\t<\/a>\n\t\t\t\t<\/h4>\n\t\t\t\t\t<p>\n\t\t\tOur client portfolio includes a wide range of companies that are well integrated into the economic life of the Lake Geneva region. We value their trust and give our best to support them in their recruitment needs in Switzerland and abroad.\n<\/br><\/br>\t\t<\/p>\n\t\t\t\t\t\t\t\t\t\t<a href=\"https:\/\/www.connectpartners.ch\/en\/employers\/#our_expertise\"\n\t\t\t\t   class=\"more color1\">Learn more<\/a>\n\t\t\t\t\t\t\t<\/div>\n\t\n\t<div class=\"fw-divider-space \" style=\"margin-top: 20px;\"><\/div>\n<\/div>\n<div class=\"col-xs-12 col-md-4 to_animate\"  data-animation=\"pullUp\">\n\t\t<div class=\"teaser icon_top text-center with_padding with_background ls with_shadow color_1\">\n\t\t\t\t<div class=\"teaser_icon size_big bg_color round teaser_gradient color_1\">\n\t\t\t<i class=\"fa fa-users\"><\/i>\n\t\t<\/div>\n\t\t\t\t\t<h4>\n\t\t\t\t\t<a href=\"https:\/\/www.connectpartners.ch\/en\/who-we-are\/#team\">\n\t\t\n\t\tOur team\n\t\t\t\t\t<\/a>\n\t\t\t\t<\/h4>\n\t\t\t\t\t<p>\n\t\t\tOur team will be able to support you whatever the seniority level of the profiles you are looking for, from employees, associates and specialists to managers or executive committee members. <\/br><\/br><\/br>\t\t<\/p>\n\t\t\t\t\t\t\t\t\t\t<a href=\"https:\/\/www.connectpartners.ch\/en\/who-we-are\/#team\"\n\t\t\t\t   class=\"more color1\">Learn more<\/a>\n\t\t\t\t\t\t\t<\/div>\n\t\n\t<div class=\"fw-divider-space \" style=\"margin-top: 20px;\"><\/div>\n<\/div>\n\t\t<\/div>\n\t<\/div>\n<\/section>\n<\/p>\n","protected":false},"excerpt":{"rendered":"<p>About Welcome to ConnectPartners Convinced that a company\u2019s success depends on recruiting the best person for the right job, our<\/p>\n","protected":false},"author":1,"featured_media":0,"parent":0,"menu_order":0,"comment_status":"closed","ping_status":"closed","template":"page-templates\/full-width.php","meta":{"footnotes":""},"class_list":["post-5764","page","type-page","status-publish","hentry"],"yoast_head":"<!-- This site is optimized with the Yoast SEO plugin v27.4 - https:\/\/yoast.com\/product\/yoast-seo-wordpress\/ -->\n<title>ConnectPartners | Conseils en ressources humaines \u00e0 Gen\u00e8ve<\/title>\n<meta name=\"description\" content=\"ConnectPartners offre \u00e0 ses clients et partenaires un accompagnement tout au long de leur \u00e9volution organisationnelle, en privil\u00e9giant une approche sur-mesure.\" \/>\n<meta name=\"robots\" content=\"index, follow, max-snippet:-1, max-image-preview:large, max-video-preview:-1\" \/>\n<link rel=\"canonical\" href=\"https:\/\/www.connectpartners.ch\/en\/\" \/>\n<meta property=\"og:locale\" content=\"en_US\" \/>\n<meta property=\"og:type\" content=\"article\" \/>\n<meta property=\"og:title\" content=\"ConnectPartners | Conseils en ressources humaines \u00e0 Gen\u00e8ve\" \/>\n<meta property=\"og:description\" content=\"ConnectPartners offre \u00e0 ses clients et partenaires un accompagnement tout au long de leur \u00e9volution organisationnelle, en privil\u00e9giant une approche sur-mesure.\" \/>\n<meta property=\"og:url\" content=\"https:\/\/www.connectpartners.ch\/en\/\" \/>\n<meta property=\"og:site_name\" content=\"ConnectPartners\" \/>\n<meta property=\"article:modified_time\" content=\"2022-04-19T08:29:28+00:00\" \/>\n<meta property=\"og:image\" content=\"https:\/\/www.connectpartners.ch\/wp-content\/uploads\/2019\/11\/Illustration_Gen\u00e8ve_ConnectPartners_V2.jpg\" \/>\n\t<meta property=\"og:image:width\" content=\"927\" \/>\n\t<meta property=\"og:image:height\" content=\"709\" \/>\n\t<meta property=\"og:image:type\" content=\"image\/jpeg\" \/>\n<meta name=\"twitter:card\" content=\"summary_large_image\" \/>\n<meta name=\"twitter:label1\" content=\"Est. reading time\" \/>\n\t<meta name=\"twitter:data1\" content=\"3 minutes\" \/>\n<script type=\"application\/ld+json\" class=\"yoast-schema-graph\">{\"@context\":\"https:\\\/\\\/schema.org\",\"@graph\":[{\"@type\":\"WebPage\",\"@id\":\"https:\\\/\\\/www.connectpartners.ch\\\/en\\\/\",\"url\":\"https:\\\/\\\/www.connectpartners.ch\\\/en\\\/\",\"name\":\"ConnectPartners | Conseils en ressources humaines \u00e0 Gen\u00e8ve\",\"isPartOf\":{\"@id\":\"https:\\\/\\\/www.connectpartners.ch\\\/en\\\/#website\"},\"datePublished\":\"2017-06-05T12:49:50+00:00\",\"dateModified\":\"2022-04-19T08:29:28+00:00\",\"description\":\"ConnectPartners offre \u00e0 ses clients et partenaires un accompagnement tout au long de leur \u00e9volution organisationnelle, en privil\u00e9giant une approche sur-mesure.\",\"breadcrumb\":{\"@id\":\"https:\\\/\\\/www.connectpartners.ch\\\/en\\\/#breadcrumb\"},\"inLanguage\":\"en-US\",\"potentialAction\":[{\"@type\":\"ReadAction\",\"target\":[\"https:\\\/\\\/www.connectpartners.ch\\\/en\\\/\"]}]},{\"@type\":\"BreadcrumbList\",\"@id\":\"https:\\\/\\\/www.connectpartners.ch\\\/en\\\/#breadcrumb\",\"itemListElement\":[{\"@type\":\"ListItem\",\"position\":1,\"name\":\"Home\",\"item\":\"https:\\\/\\\/www.connectpartners.ch\\\/en\\\/\"},{\"@type\":\"ListItem\",\"position\":2,\"name\":\"Home\"}]},{\"@type\":\"WebSite\",\"@id\":\"https:\\\/\\\/www.connectpartners.ch\\\/en\\\/#website\",\"url\":\"https:\\\/\\\/www.connectpartners.ch\\\/en\\\/\",\"name\":\"ConnectPartners\",\"description\":\"\",\"publisher\":{\"@id\":\"https:\\\/\\\/www.connectpartners.ch\\\/en\\\/#organization\"},\"potentialAction\":[{\"@type\":\"SearchAction\",\"target\":{\"@type\":\"EntryPoint\",\"urlTemplate\":\"https:\\\/\\\/www.connectpartners.ch\\\/en\\\/?s={search_term_string}\"},\"query-input\":{\"@type\":\"PropertyValueSpecification\",\"valueRequired\":true,\"valueName\":\"search_term_string\"}}],\"inLanguage\":\"en-US\"},{\"@type\":\"Organization\",\"@id\":\"https:\\\/\\\/www.connectpartners.ch\\\/en\\\/#organization\",\"name\":\"ConnectPartners\",\"url\":\"https:\\\/\\\/www.connectpartners.ch\\\/en\\\/\",\"logo\":{\"@type\":\"ImageObject\",\"inLanguage\":\"en-US\",\"@id\":\"https:\\\/\\\/www.connectpartners.ch\\\/en\\\/#\\\/schema\\\/logo\\\/image\\\/\",\"url\":\"https:\\\/\\\/www.connectpartners.ch\\\/wp-content\\\/uploads\\\/2019\\\/08\\\/logo-CP.png\",\"contentUrl\":\"https:\\\/\\\/www.connectpartners.ch\\\/wp-content\\\/uploads\\\/2019\\\/08\\\/logo-CP.png\",\"width\":346,\"height\":315,\"caption\":\"ConnectPartners\"},\"image\":{\"@id\":\"https:\\\/\\\/www.connectpartners.ch\\\/en\\\/#\\\/schema\\\/logo\\\/image\\\/\"}}]}<\/script>\n<!-- \/ Yoast SEO plugin. -->","yoast_head_json":{"title":"ConnectPartners | Conseils en ressources humaines \u00e0 Gen\u00e8ve","description":"ConnectPartners offre \u00e0 ses clients et partenaires un accompagnement tout au long de leur \u00e9volution organisationnelle, en privil\u00e9giant une approche sur-mesure.","robots":{"index":"index","follow":"follow","max-snippet":"max-snippet:-1","max-image-preview":"max-image-preview:large","max-video-preview":"max-video-preview:-1"},"canonical":"https:\/\/www.connectpartners.ch\/en\/","og_locale":"en_US","og_type":"article","og_title":"ConnectPartners | Conseils en ressources humaines \u00e0 Gen\u00e8ve","og_description":"ConnectPartners offre \u00e0 ses clients et partenaires un accompagnement tout au long de leur \u00e9volution organisationnelle, en privil\u00e9giant une approche sur-mesure.","og_url":"https:\/\/www.connectpartners.ch\/en\/","og_site_name":"ConnectPartners","article_modified_time":"2022-04-19T08:29:28+00:00","og_image":[{"width":927,"height":709,"url":"https:\/\/www.connectpartners.ch\/wp-content\/uploads\/2019\/11\/Illustration_Gen\u00e8ve_ConnectPartners_V2.jpg","type":"image\/jpeg"}],"twitter_card":"summary_large_image","twitter_misc":{"Est. reading time":"3 minutes"},"schema":{"@context":"https:\/\/schema.org","@graph":[{"@type":"WebPage","@id":"https:\/\/www.connectpartners.ch\/en\/","url":"https:\/\/www.connectpartners.ch\/en\/","name":"ConnectPartners | Conseils en ressources humaines \u00e0 Gen\u00e8ve","isPartOf":{"@id":"https:\/\/www.connectpartners.ch\/en\/#website"},"datePublished":"2017-06-05T12:49:50+00:00","dateModified":"2022-04-19T08:29:28+00:00","description":"ConnectPartners offre \u00e0 ses clients et partenaires un accompagnement tout au long de leur \u00e9volution organisationnelle, en privil\u00e9giant une approche sur-mesure.","breadcrumb":{"@id":"https:\/\/www.connectpartners.ch\/en\/#breadcrumb"},"inLanguage":"en-US","potentialAction":[{"@type":"ReadAction","target":["https:\/\/www.connectpartners.ch\/en\/"]}]},{"@type":"BreadcrumbList","@id":"https:\/\/www.connectpartners.ch\/en\/#breadcrumb","itemListElement":[{"@type":"ListItem","position":1,"name":"Home","item":"https:\/\/www.connectpartners.ch\/en\/"},{"@type":"ListItem","position":2,"name":"Home"}]},{"@type":"WebSite","@id":"https:\/\/www.connectpartners.ch\/en\/#website","url":"https:\/\/www.connectpartners.ch\/en\/","name":"ConnectPartners","description":"","publisher":{"@id":"https:\/\/www.connectpartners.ch\/en\/#organization"},"potentialAction":[{"@type":"SearchAction","target":{"@type":"EntryPoint","urlTemplate":"https:\/\/www.connectpartners.ch\/en\/?s={search_term_string}"},"query-input":{"@type":"PropertyValueSpecification","valueRequired":true,"valueName":"search_term_string"}}],"inLanguage":"en-US"},{"@type":"Organization","@id":"https:\/\/www.connectpartners.ch\/en\/#organization","name":"ConnectPartners","url":"https:\/\/www.connectpartners.ch\/en\/","logo":{"@type":"ImageObject","inLanguage":"en-US","@id":"https:\/\/www.connectpartners.ch\/en\/#\/schema\/logo\/image\/","url":"https:\/\/www.connectpartners.ch\/wp-content\/uploads\/2019\/08\/logo-CP.png","contentUrl":"https:\/\/www.connectpartners.ch\/wp-content\/uploads\/2019\/08\/logo-CP.png","width":346,"height":315,"caption":"ConnectPartners"},"image":{"@id":"https:\/\/www.connectpartners.ch\/en\/#\/schema\/logo\/image\/"}}]}},"_links":{"self":[{"href":"https:\/\/www.connectpartners.ch\/en\/wp-json\/wp\/v2\/pages\/5764","targetHints":{"allow":["GET"]}}],"collection":[{"href":"https:\/\/www.connectpartners.ch\/en\/wp-json\/wp\/v2\/pages"}],"about":[{"href":"https:\/\/www.connectpartners.ch\/en\/wp-json\/wp\/v2\/types\/page"}],"author":[{"embeddable":true,"href":"https:\/\/www.connectpartners.ch\/en\/wp-json\/wp\/v2\/users\/1"}],"replies":[{"embeddable":true,"href":"https:\/\/www.connectpartners.ch\/en\/wp-json\/wp\/v2\/comments?post=5764"}],"version-history":[{"count":0,"href":"https:\/\/www.connectpartners.ch\/en\/wp-json\/wp\/v2\/pages\/5764\/revisions"}],"wp:attachment":[{"href":"https:\/\/www.connectpartners.ch\/en\/wp-json\/wp\/v2\/media?parent=5764"}],"curies":[{"name":"wp","href":"https:\/\/api.w.org\/{rel}","templated":true}]}}